{"id":15,"date":"2026-04-25T18:52:20","date_gmt":"2026-04-25T16:52:20","guid":{"rendered":"http:\/\/192.168.1.200\/?page_id=15"},"modified":"2026-04-25T19:12:14","modified_gmt":"2026-04-25T17:12:14","slug":"edito","status":"publish","type":"page","link":"http:\/\/rado79.maelremrem.xyz\/index.php\/edito\/","title":{"rendered":"Edito"},"content":{"rendered":"\n<p><a href=\"https:\/\/rado79.wifeo.com\/index.php\"><\/a><\/p>\n\n\n\n<p>Bonjour \u00e0 tous,<\/p>\n\n\n\n<p>L\u2019association&nbsp;<strong>R.A.D.O<\/strong><strong>.<\/strong><strong>79&nbsp;<\/strong>(<strong>R<\/strong>aid&nbsp;&nbsp;<strong>A<\/strong>venture&nbsp;&nbsp;et&nbsp;&nbsp;<strong>D<\/strong>\u00e9couverte&nbsp;&nbsp;de&nbsp;&nbsp;l\u2019<strong>O<\/strong>rientation&nbsp;<strong>79<\/strong>), vous souhaite la bienvenue sur son site&nbsp;:&nbsp;<strong>rado79.wifeo.com<\/strong><br><br>&nbsp;&nbsp;&nbsp;&nbsp;&nbsp;&nbsp;&nbsp;&nbsp;&nbsp;&nbsp; Le si\u00e8ge de notre association est bas\u00e9 \u00e0 St Loup sur Thouet dans les Deux-S\u00e8vres (79) en R\u00e9gion Aquitaine &#8211; Limousin &#8211; Poitou-Charentes.<br>&nbsp;<\/p>\n\n\n\n<p>Nous sommes une association tr\u00e8s diff\u00e9rente des autres dans son mode de fonctionnement. La majorit\u00e9 de ses membres, apr\u00e8s de longues r\u00e9flexions, a d\u00e9cid\u00e9 d\u2019avoir comme unique objectif&nbsp;de faire partager leurs passions des \u00e9preuves outdoor \u00e0 un maximum de personnes.<br>&nbsp;<\/p>\n\n\n\n<p>Connaissant tous, les difficult\u00e9s rencontr\u00e9es pour faire vivre une association sportive (recherche de sponsors, demandes de subventions, organisations d\u2019\u00e9preuves avec toutes les d\u00e9marches administratives n\u00e9cessaires, motivation de tous les adh\u00e9rents etc\u2026etc\u2026), nous avons d\u00e9cid\u00e9 que nous adopterions&nbsp;&nbsp;l\u2019autofinancement en toutes circonstances.<\/p>\n\n\n\n<p>Notre cotisation annuelle a \u00e9t\u00e9 fix\u00e9e \u00e0 10\u20ac pour \u00eatre membre des RADO79<strong>&nbsp;<\/strong>et nous demandons \u00e0 nos adh\u00e9rents et \u00e0 nos sympathisants, de propager la bonne humeur et la joie de vivre sur toutes les \u00e9preuves auxquelles ils participent. Evidemment le respect de la nature, des autres concurrents, de l\u2019ensemble des organisateurs et des b\u00e9n\u00e9voles, sont le leitmotiv de l\u2019association.<\/p>\n\n\n\n<p>Depuis que l\u2019ensemble de nos sportives et de nos sportifs outdoor s\u2019inscrivent sous le nom de RADO79, nous sommes connus et reconnus aupr\u00e8s de toutes les organisations de raids et de courses d\u2019orientation.<br>&nbsp;<\/p>\n\n\n\n<p>Continuons \u00e0 nous grouper pour partager ensemble notre passion \u00e0 gambader dans la nature, \u00e0 pied, en VTT, en cano\u00eb, \u00e0 cheval, en kart, accroch\u00e9 au bout d\u2019une corde ou avec un engin de gu\u00e9guerre dans les mains, \u00e0 se creuser la t\u00eate pour r\u00e9soudre des \u00e9nigmes\u2026et tout cela avec une boussole, \u00e9l\u00e9ment indispensable dans nos sports de barjots\u2026<\/p>\n\n\n\n<p>Nous nous regroupons entre rado\u00efstes et m\u00eame avec les membres des autres clubs afin qu\u2019une organisation des \u00e9quipes et des voyages (covoiturage) soit mise en place dans les meilleures conditions possibles.<\/p>\n\n\n\n<p>N\u2019h\u00e9sitez pas \u00e0 nous rejoindre, car comme vous le savez tous, l\u2019union fait la force et plus on est de fous, plus on rit\u2026<\/p>\n\n\n\n<p>&nbsp;&nbsp;&nbsp;&nbsp;&nbsp;&nbsp;&nbsp;&nbsp;&nbsp;&nbsp;&nbsp;&nbsp;&nbsp;&nbsp;&nbsp;&nbsp;&nbsp;&nbsp;&nbsp;&nbsp;&nbsp;&nbsp;&nbsp;&nbsp;&nbsp;&nbsp;&nbsp;&nbsp;&nbsp;&nbsp;&nbsp;&nbsp;&nbsp;&nbsp;&nbsp;&nbsp;&nbsp;&nbsp;&nbsp;&nbsp;&nbsp;&nbsp;&nbsp;&nbsp;&nbsp;&nbsp;&nbsp;&nbsp;&nbsp;&nbsp;&nbsp;&nbsp;&nbsp;&nbsp;&nbsp;&nbsp;&nbsp;&nbsp;&nbsp;&nbsp;&nbsp;&nbsp;&nbsp;&nbsp;&nbsp;&nbsp;&nbsp;&nbsp;&nbsp;&nbsp;&nbsp;&nbsp;&nbsp;&nbsp;&nbsp;&nbsp;&nbsp;&nbsp;&nbsp;&nbsp;&nbsp;&nbsp;&nbsp;&nbsp;&nbsp;&nbsp;&nbsp;&nbsp;&nbsp;&nbsp;&nbsp;&nbsp;&nbsp;&nbsp;&nbsp;Le Staff<\/p>\n","protected":false},"excerpt":{"rendered":"<p>Bonjour \u00e0 tous, L\u2019association&nbsp;R.A.D.O.79&nbsp;(Raid&nbsp;&nbsp;Aventure&nbsp;&nbsp;et&nbsp;&nbsp;D\u00e9couverte&nbsp;&nbsp;de&nbsp;&nbsp;l\u2019Orientation&nbsp;79), vous souhaite la bienvenue sur son site&nbsp;:&nbsp;rado79.wifeo.com &nbsp;&nbsp;&nbsp;&nbsp;&nbsp;&nbsp;&nbsp;&nbsp;&nbsp;&nbsp; Le si\u00e8ge de notre association est bas\u00e9 \u00e0 St Loup sur Thouet dans les Deux-S\u00e8vres (79) en R\u00e9gion Aquitaine &#8211; Limousin &#8211; Poitou-Charentes.&nbsp; Nous sommes une association tr\u00e8s diff\u00e9rente des autres dans son mode de fonctionnement. La majorit\u00e9 de ses membres, apr\u00e8s de [&hellip;]<\/p>\n","protected":false},"author":1,"featured_media":0,"parent":0,"menu_order":0,"comment_status":"closed","ping_status":"closed","template":"","meta":{"footnotes":""},"class_list":["post-15","page","type-page","status-publish","hentry"],"_links":{"self":[{"href":"http:\/\/rado79.maelremrem.xyz\/index.php\/wp-json\/wp\/v2\/pages\/15","targetHints":{"allow":["GET"]}}],"collection":[{"href":"http:\/\/rado79.maelremrem.xyz\/index.php\/wp-json\/wp\/v2\/pages"}],"about":[{"href":"http:\/\/rado79.maelremrem.xyz\/index.php\/wp-json\/wp\/v2\/types\/page"}],"author":[{"embeddable":true,"href":"http:\/\/rado79.maelremrem.xyz\/index.php\/wp-json\/wp\/v2\/users\/1"}],"replies":[{"embeddable":true,"href":"http:\/\/rado79.maelremrem.xyz\/index.php\/wp-json\/wp\/v2\/comments?post=15"}],"version-history":[{"count":2,"href":"http:\/\/rado79.maelremrem.xyz\/index.php\/wp-json\/wp\/v2\/pages\/15\/revisions"}],"predecessor-version":[{"id":35,"href":"http:\/\/rado79.maelremrem.xyz\/index.php\/wp-json\/wp\/v2\/pages\/15\/revisions\/35"}],"wp:attachment":[{"href":"http:\/\/rado79.maelremrem.xyz\/index.php\/wp-json\/wp\/v2\/media?parent=15"}],"curies":[{"name":"wp","href":"https:\/\/api.w.org\/{rel}","templated":true}]}}