{"id":9,"date":"2026-04-25T18:49:02","date_gmt":"2026-04-25T16:49:02","guid":{"rendered":"http:\/\/192.168.1.200\/?page_id=9"},"modified":"2026-04-25T19:18:38","modified_gmt":"2026-04-25T17:18:38","slug":"accueil","status":"publish","type":"page","link":"http:\/\/rado79.maelremrem.xyz\/","title":{"rendered":"La Rado79"},"content":{"rendered":"\n<p>Les RADO79 vous pr\u00e9parent une Course d&rsquo;Orientation pour le 14 mars 2027, le compte \u00e0 rebours est lanc\u00e9, pr\u00e9parez-vous \u00e0 gravir les montagnes Airvaudaises&#8230;<\/p>\n\n\n\n<figure class=\"wp-block-image size-full\"><img loading=\"lazy\" decoding=\"async\" width=\"695\" height=\"227\" src=\"http:\/\/192.168.1.200\/wp-content\/uploads\/2026\/04\/image.png\" alt=\"\" class=\"wp-image-10\" srcset=\"http:\/\/rado79.maelremrem.xyz\/wp-content\/uploads\/2026\/04\/image.png 695w, http:\/\/rado79.maelremrem.xyz\/wp-content\/uploads\/2026\/04\/image-300x98.png 300w\" sizes=\"auto, (max-width: 695px) 100vw, 695px\" \/><\/figure>\n\n\n\n<h2 class=\"wp-block-heading\">Nos derni\u00e8res sorties :<\/h2>\n\n\n<ul class=\"wp-block-latest-posts__list has-dates wp-block-latest-posts\"><li><a class=\"wp-block-latest-posts__post-title\" href=\"http:\/\/rado79.maelremrem.xyz\/index.php\/2019\/09\/14\/biathlon-de-st-generoux\/\">Biathlon de St G\u00e9n\u00e9roux<\/a><time datetime=\"2019-09-14T19:03:00+02:00\" class=\"wp-block-latest-posts__post-date\">14 septembre 2019<\/time><div class=\"wp-block-latest-posts__post-excerpt\">Les membres de RADO 79 et de SAGA, ainsi que la Municipalit\u00e9 de Saint-G\u00e9n\u00e9roux vous remercient toutes et tous de votre participation \u00e0 la 3\u00e8me \u00e9dition du biathlon et vous donnent rendez-vous en 2020.<\/div><\/li>\n<li><a class=\"wp-block-latest-posts__post-title\" href=\"http:\/\/rado79.maelremrem.xyz\/index.php\/2017\/10\/07\/raid-de-montendre\/\">Raid de Montendre<\/a><time datetime=\"2017-10-07T06:00:00+02:00\" class=\"wp-block-latest-posts__post-date\">7 octobre 2017<\/time><div class=\"wp-block-latest-posts__post-excerpt\">Pour cloturer la saison, rien de mieux que le raid de Montendre, une fois de plus la soir\u00e9e f\u00fbt une tr\u00e8s grande f\u00eate : Et une fois de plus, un peu avant dans la journ\u00e9e, nos 6 rado\u00efstes\u2026 <a class=\"wp-block-latest-posts__read-more\" href=\"http:\/\/rado79.maelremrem.xyz\/index.php\/2017\/10\/07\/raid-de-montendre\/\" rel=\"noopener noreferrer\">Lire la suite<span class=\"screen-reader-text\">\u00a0: Raid de Montendre<\/span><\/a><\/div><\/li>\n<li><a class=\"wp-block-latest-posts__post-title\" href=\"http:\/\/rado79.maelremrem.xyz\/index.php\/2017\/09\/24\/raid-de-belle-ile-et-raid-atras\/\">Raid de Belle Ile et Raid ATRAS<\/a><time datetime=\"2017-09-24T19:00:00+02:00\" class=\"wp-block-latest-posts__post-date\">24 septembre 2017<\/time><div class=\"wp-block-latest-posts__post-excerpt\">Sur le raid de Belle Ile, S\u00e9bastien avec Dolor\u00e8s sont sur le podium mixte et Romain avec Guillaume prennent la 14\u00e8me place&#8230;Sur le raid ATRAS, Denis et Ga\u00ebl prennent eux aussi la 14\u00e8me placeDeux beaux raids sous un\u2026 <a class=\"wp-block-latest-posts__read-more\" href=\"http:\/\/rado79.maelremrem.xyz\/index.php\/2017\/09\/24\/raid-de-belle-ile-et-raid-atras\/\" rel=\"noopener noreferrer\">Lire la suite<span class=\"screen-reader-text\">\u00a0: Raid de Belle Ile et Raid ATRAS<\/span><\/a><\/div><\/li>\n<\/ul>\n\n\n<p><\/p>\n","protected":false},"excerpt":{"rendered":"<p>Les RADO79 vous pr\u00e9parent une Course d&rsquo;Orientation pour le 14 mars 2027, le compte \u00e0 rebours est lanc\u00e9, pr\u00e9parez-vous \u00e0 gravir les montagnes Airvaudaises&#8230; Nos derni\u00e8res sorties :<\/p>\n","protected":false},"author":1,"featured_media":46,"parent":0,"menu_order":0,"comment_status":"closed","ping_status":"closed","template":"","meta":{"footnotes":""},"class_list":["post-9","page","type-page","status-publish","has-post-thumbnail","hentry"],"_links":{"self":[{"href":"http:\/\/rado79.maelremrem.xyz\/index.php\/wp-json\/wp\/v2\/pages\/9","targetHints":{"allow":["GET"]}}],"collection":[{"href":"http:\/\/rado79.maelremrem.xyz\/index.php\/wp-json\/wp\/v2\/pages"}],"about":[{"href":"http:\/\/rado79.maelremrem.xyz\/index.php\/wp-json\/wp\/v2\/types\/page"}],"author":[{"embeddable":true,"href":"http:\/\/rado79.maelremrem.xyz\/index.php\/wp-json\/wp\/v2\/users\/1"}],"replies":[{"embeddable":true,"href":"http:\/\/rado79.maelremrem.xyz\/index.php\/wp-json\/wp\/v2\/comments?post=9"}],"version-history":[{"count":4,"href":"http:\/\/rado79.maelremrem.xyz\/index.php\/wp-json\/wp\/v2\/pages\/9\/revisions"}],"predecessor-version":[{"id":28,"href":"http:\/\/rado79.maelremrem.xyz\/index.php\/wp-json\/wp\/v2\/pages\/9\/revisions\/28"}],"wp:featuredmedia":[{"embeddable":true,"href":"http:\/\/rado79.maelremrem.xyz\/index.php\/wp-json\/wp\/v2\/media\/46"}],"wp:attachment":[{"href":"http:\/\/rado79.maelremrem.xyz\/index.php\/wp-json\/wp\/v2\/media?parent=9"}],"curies":[{"name":"wp","href":"https:\/\/api.w.org\/{rel}","templated":true}]}}